{"id":11760,"date":"2015-05-10T01:28:54","date_gmt":"2015-05-09T23:28:54","guid":{"rendered":"https:\/\/www.fondamarina.com\/fonda-marina-montgat\/"},"modified":"2026-01-08T17:12:18","modified_gmt":"2026-01-08T16:12:18","slug":"fonda-marina-montgat","status":"publish","type":"page","link":"http:\/\/www.fondamarina.com\/es\/","title":{"rendered":"Fonda Marina Montgat"},"content":{"rendered":"<p>[vc_row cth_layout=&#8221;hero_sec&#8221;][vc_column css=&#8221;.vc_custom_1435153023515{padding-right: 0px !important;padding-left: 0px !important;}&#8221;][cth_video_parallax video=&#8221;http:\/\/www.fondamarina.com\/wp-content\/uploads\/2020\/06\/Video-Fonda-Marina-1.m4v&#8221; bgimg=&#8221;1570&#8243;][cthace]JTNDZGl2JTIwY2xhc3MlM0QlMjJoZXJvLXRpdGxlLWhvbGRlciUyMiUzRSUwQSUyMCUyMCUyMCUyMCUzQ2RpdiUyMGNsYXNzJTNEJTIyb3ZlcmxheSUyMiUzRSUzQyUyRmRpdiUzRSUwQSUyMCUyMCUyMCUyMCUzQ2RpdiUyMGNsYXNzJTNEJTIyaGVyby10aXRsZSUyMiUzRSUwQSUyMCUyMCUyMCUyMCUyMCUyMCUyMCUyMCUzQ2RpdiUyMGNsYXNzJTNEJTIyaGVyby1kZWNvciUyMGItZGVjJTIyJTNFJTBBJTIwJTIwJTIwJTIwJTIwJTIwJTIwJTIwJTIwJTIwJTIwJTIwJTNDZGl2JTIwY2xhc3MlM0QlMjJoYWxmLWNpcmNsZSUyMiUzRSUzQyUyRmRpdiUzRSUwQSUyMCUyMCUyMCUyMCUyMCUyMCUyMCUyMCUzQyUyRmRpdiUzRSUwQSUyMCUyMCUyMCUyMCUyMCUyMCUyMCUyMCUzQ2RpdiUyMGNsYXNzJTNEJTIyc2VwYXJhdG9yJTIwY29sb3Itc2VwYXJhdG9yJTIyJTNFJTNDJTJGZGl2JTNFJTBBJTIwJTIwJTIwJTIwJTIwJTIwJTIwJTIwJTNDaDElMjBzdHlsZSUzRCUyMmNvbG9yJTNBJTIzZmZmJTNCJTIwZm9udCUzQXJvYm90byUzQiUyMGZvbnQtc2l6ZSUzQTE0cHglM0IlMjIlM0VSZXN0YXVyYW50JTIwYSUyME1vbnRnYXQlM0MlMkZoMSUzRSUwQSUyMCUyMCUyMCUyMCUyMCUyMCUyMCUyMCUzQ2gzJTNFQmVudmluZ3V0cyUyMGElMjBsYSUzQyUyRmJyJTNFJTIwRm9uZGElMjBNYXJpbmElM0MlMkZoMyUzRSUwQSUyMCUyMCUyMCUyMCUyMCUyMCUyMCUyMCUzQ2g0JTNFU2Fib3IlMjBhJTIwTWFyZXNtZSUzQyUyRmg0JTNFJTBBJTIwJTIwJTIwJTIwJTNDJTJGZGl2JTNFJTBBJTNDJTJGZGl2JTNFJTBBJTNDZGl2JTIwY2xhc3MlM0QlMjJoZXJvLWxpbmslMjIlM0UlMEElMjAlMjAlMjAlMjAlM0NhJTIwY2xhc3MlM0QlMjJjdXN0b20tc2Nyb2xsLWxpbmslMjIlMjBocmVmJTNEJTIyJTIzc2VjMSUyMiUzRSUzQ2klMjBjbGFzcyUzRCUyMmZhJTIwZmEtYW5nbGUtZG91YmxlLWRvd24lMjIlM0UlM0MlMkZpJTNFJTNDJTJGYSUzRSUwQSUzQyUyRmRpdiUzRQ==[\/cthace][\/vc_column][\/vc_row][vc_row cth_layout=&#8221;row_sec&#8221; el_id=&#8221;sec1&#8243; el_class=&#8221;about-section&#8221; css=&#8221;.vc_custom_1576142716943{margin-top: 10px !important;}&#8221;][vc_column offset=&#8221;vc_col-md-6&#8243;][lambert_section_title title_text=&#8221;Us donem la&#8221; subtitle_text=&#8221;benvinguda&#8221;][\/lambert_section_title][vc_column_text]Situada desde hace m\u00e1s de 100 a\u00f1os frente a la playa de Montgat, el restaurante Fonda Marina dispone de un ambiente inigualable. Sus m\u00faltiples espacios, salones privados y terrazas exteriores (chillouts) cumplen los m\u00e1s altos niveles a la hora de acoger a sus invitados. <\/p>\n<p>Nuestro servicio le ofrecer\u00e1 la proximidad, la profesionalidad y la tranquilidad de una buena comida y nuestra cocina ser\u00e1 un capricho para su paladar.<\/p>\n<p>Bienvenidos a la casa de las comidas \u2764\ufe0f[\/vc_column_text][vc_btn title=&#8221;Descarga nuestro men\u00fa&#8221; color=&#8221;warning&#8221; align=&#8221;center&#8221; i_type=&#8221;openiconic&#8221; i_icon_openiconic=&#8221;vc-oi vc-oi-book-open&#8221; add_icon=&#8221;true&#8221; link=&#8221;url:http%3A%2F%2Fwww.fondamarina.com%2Fwp-content%2Fuploads%2F2020%2F06%2FMen%C3%BA-Fonda-Marina.pdf|&#8221;][\/vc_column][vc_column offset=&#8221;vc_col-md-6&#8243;][lambert_owl_carousel_images slider_images=&#8221;1540,1550,1551,1552&#8243; autoplay=&#8221;yes&#8221;][\/vc_column][\/vc_row][vc_row cth_layout=&#8221;fullwidth_image_parallax_sec&#8221; parallax_inner=&#8221;1526&#8243; el_id=&#8221;sec2&#8243;][vc_column parallax=&#8221;content-moving&#8221;][lambert_section_title title_text=&#8221;Descubreix el nostre dia a dia&#8221; subtitle_text=&#8221;a #instagram&#8221; show_decor=&#8221;no&#8221; css=&#8221;.vc_custom_1576162201256{border-top-width: 15px !important;}&#8221;][\/lambert_section_title]\n            <div \n                class=\"elfsight-widget-instagram-feed elfsight-widget\" \n                data-elfsight-instagram-feed-options=\"%7B%22source%22%3A%5B%22%40fondamarinamontgat%22%5D%2C%22filterOnly%22%3A%5B%5D%2C%22filterExcept%22%3A%5B%5D%2C%22limit%22%3A0%2C%22order%22%3A%22date%22%2C%22layout%22%3A%22grid%22%2C%22postTemplate%22%3A%22tile%22%2C%22columns%22%3A4%2C%22rows%22%3A3%2C%22gutter%22%3A20%2C%22responsive%22%3A%5B%7B%22minWidth%22%3A375%2C%22columns%22%3A1%2C%22rows%22%3A1%2C%22gutter%22%3A%220%22%7D%2C%7B%22minWidth%22%3A768%2C%22columns%22%3A3%2C%22rows%22%3A2%2C%22gutter%22%3A%220%22%7D%5D%2C%22width%22%3A%22auto%22%2C%22callToActionButtons%22%3A%5B%7B%22postUrl%22%3A%22https%3A%5C%2F%5C%2Fwww.instagram.com%5C%2Ffondamarinamontgat%5C%2F%22%2C%22buttonLabel%22%3A%22Segueix%20el%20nostre%20instagram%22%2C%22buttonLink%22%3A%22https%3A%5C%2F%5C%2Fwww.instagram.com%5C%2Faccounts%5C%2Flogin%5C%2F%3Fnext%3D%252Ffondamarinamontgat%252F%26source%3Dfollow%22%7D%5D%2C%22postElements%22%3A%5B%22user%22%2C%22date%22%2C%22instagramLink%22%2C%22likesCount%22%2C%22commentsCount%22%2C%22share%22%2C%22text%22%5D%2C%22popupElements%22%3A%5B%22user%22%2C%22location%22%2C%22followButton%22%2C%22instagramLink%22%2C%22likesCount%22%2C%22share%22%2C%22comments%22%2C%22date%22%2C%22text%22%5D%2C%22imageClickAction%22%3A%22popup%22%2C%22sliderArrows%22%3Atrue%2C%22sliderDrag%22%3Atrue%2C%22sliderSpeed%22%3A0.6%2C%22sliderAutoplay%22%3A%22%22%2C%22colorScheme%22%3A%22default%22%2C%22colorPostOverlayBg%22%3A%22rgba%280%2C%200%2C%200%2C%200.8%29%22%2C%22colorPostOverlayText%22%3A%22rgb%28255%2C%20255%2C%20255%29%22%2C%22colorPostBg%22%3A%22rgb%28255%2C%20255%2C%20255%29%22%2C%22colorPostText%22%3A%22rgb%280%2C%200%2C%200%29%22%2C%22colorPostLinks%22%3A%22rgb%280%2C%2053%2C%20105%29%22%2C%22colorSliderArrows%22%3A%22rgb%28255%2C%20255%2C%20255%29%22%2C%22colorSliderArrowsBg%22%3A%22rgba%280%2C%200%2C%200%2C%200.9%29%22%2C%22colorGridLoadMoreButton%22%3A%22rgb%2856%2C%20151%2C%20240%29%22%2C%22colorPopupOverlay%22%3A%22rgba%2843%2C%2043%2C%2043%2C%200.9%29%22%2C%22colorPopupBg%22%3A%22rgb%28255%2C%20255%2C%20255%29%22%2C%22colorPopupText%22%3A%22rgb%280%2C%200%2C%200%29%22%2C%22colorPopupLinks%22%3A%22rgb%280%2C%2053%2C%20105%29%22%2C%22colorPopupFollowButton%22%3A%22rgb%280%2C%2053%2C%20105%29%22%2C%22colorPopupCtaButton%22%3A%22rgb%2856%2C%20151%2C%20240%29%22%2C%22widgetTitle%22%3A%22%22%2C%22lang%22%3A%22es%22%2C%22apiUrl%22%3A%22http%3A%5C%2F%5C%2Fwww.fondamarina.com%5C%2Fwp-admin%5C%2Fadmin-ajax.php%22%2C%22apiAction%22%3A%22elfsight_instagram_feed_api%22%2C%22widgetId%22%3A%221%22%7D\" \n                data-elfsight-instagram-feed-version=\"3.8.4\"\n                data-elfsight-widget-id=\"elfsight-instagram-feed-1\">\n            <\/div>\n            [vc_separator][\/vc_column][\/vc_row][vc_row cth_layout=&#8221;triangle_sec&#8221; el_id=&#8221;sec3&#8243;][vc_column][lambert_section_title title_text=&#8221;La nostra cuina&#8221; subtitle_text=&#8221;&#8221;][\/lambert_section_title][vc_row_inner][vc_column_inner width=&#8221;1\/2&#8243;][vc_column_text]<\/p>\n<p style=\"font-weight: 400;\">La cocina que ofrece el Restaurante Fonda Marina y nuestro equipo liderado por Jordi For\u00e9s se basa en dos ejes fundamentales que desde hace a\u00f1os les hemos ido cultivando y cuidando. La definimos como cocina tradicional catalana con un giro gastron\u00f3mico que le permitir\u00e1 disfrutar de los platos con un alto contenido hist\u00f3rico adaptados al siglo 21. Los productos, siempre de temporada, con una alta calidad y de productores cercanos (KM0).  <\/p>\n<p style=\"font-weight: 400;\">Somos conocidos por nuestros arroces y pescados, cocina de mercado y postres hechos en casa por Patricia Sust.<\/p>\n<p style=\"font-weight: 400;\">Tambi\u00e9n le ofrecemos una gran selecci\u00f3n de vinos y espumosos, donde las denominaciones de origen como la de Alella (trabajamos con el Consorcio Enotur\u00edstico de la D.O Alella) y todas las nacionales e internacionales le permitir\u00e1n maridar nuestros platos y disfrutar de una gran experiencia.<\/p>\n<p>[\/vc_column_text][\/vc_column_inner][vc_column_inner width=&#8221;1\/2&#8243;][vc_single_image image=&#8221;11746&#8243; img_size=&#8221;large&#8221; alignment=&#8221;center&#8221;][\/vc_column_inner][\/vc_row_inner][\/vc_column][\/vc_row][vc_row cth_layout=&#8221;fullwidth_image_parallax_sec&#8221; parallax_inner=&#8221;1526&#8243; el_id=&#8221;sec4&#8243;][vc_column][lambert_section_title title_text=&#8221;Els nostres plats&#8221; subtitle_text=&#8221;sempre de proximitat&#8221;][\/lambert_section_title][vc_masonry_media_grid item=&#8221;masonryMedia_BorderedScale&#8221; initial_loading_animation=&#8221;fadeIn&#8221; grid_id=&#8221;vc_gid:1759916561469-757e1233-abda-7&#8243; include=&#8221;11747,11748,11749,11750,11751,11752,11753,11754,11755,11756,11757&#8243;][\/vc_column][\/vc_row][vc_row cth_layout=&#8221;triangle_sec&#8221; el_id=&#8221;sec5&#8243;][vc_column width=&#8221;1\/2&#8243;][lambert_owl_carousel_images slider_images=&#8221;1570,1574,1567,1569,1572,1573,1575&#8243; items=&#8221;7&#8243; autoplay=&#8221;yes&#8221;][\/vc_column][vc_column width=&#8221;1\/2&#8243;][lambert_section_title title_text=&#8221;Els nostres espais&#8221; subtitle_text=&#8221;\u00fanics&#8221; show_decor=&#8221;no&#8221;][\/lambert_section_title][vc_column_text]La Fonda Marina dispone de diferentes ambientes donde encontrar su espacio, ya sea para una comida \u00edntima o para m\u00faltiples personas. El espacio interior del restaurante dispone de tres ambientes, el espacio cocina le permitir\u00e1 disfrutar de una comida para 8-10 personas donde ver\u00e1 c\u00f3mo salen nuestros productos directamente de nuestra cocina. La zona principal, le acoger\u00e1 con su toque sofisticado y refinado con las vistas hacia Montgat y la zona interior le recibir\u00e1 en un espacio \u00edntimo y discreto para disfrutar de nuestros platos en todo su esplendor.  <\/p>\n<p style=\"font-weight: 400;\">Despu\u00e9s de comer o cenar puede pasar un buen rato escuchando m\u00fasica y tomando un cocktail hecho por personal profesional en nuestro Chillout Marina Club hasta las 02h de la noche.<\/p>\n<p style=\"font-weight: 400;\"><em>El restaurant disposa de p\u00e0rquing gratu\u00eft tot el dia per als nostres clients.<\/em><\/p>\n<p>[\/vc_column_text][\/vc_column][\/vc_row][vc_row cth_layout=&#8221;fullwidth_video_parallax_sec&#8221; video_type=&#8221;hosted&#8221; bg_video=&#8221;http:\/\/fondamarina.com\/wp-content\/uploads\/2019\/12\/fonda_cierra-1.mp4&#8243; parallax_inner=&#8221;1574&#8243; el_id=&#8221;sec6&#8243;][vc_column][lambert_section_title title_text=&#8221;Horaris d&#8217;obertura&#8221; subtitle_text=&#8221;durant tot l&#8217;any&#8221;][\/lambert_section_title][vc_row_inner][vc_column_inner width=&#8221;1\/2&#8243;][vc_column_text el_class=&#8221;parallax-content&#8221;]<\/p>\n<div class=\"work-time-text\">\n<h3 style=\"text-align: center;\">De lunes a s\u00e1bado<\/h3>\n<div class=\"hours\" style=\"text-align: center;\"><em>13:00 &#8211; 15:45<\/em><\/div>\n<div class=\"hours\" style=\"text-align: center;\"><em>21:00 &#8211; 23:30<\/em><\/div>\n<\/div>\n<p>[\/vc_column_text][\/vc_column_inner][vc_column_inner width=&#8221;1\/2&#8243;][vc_column_text el_class=&#8221;parallax-content&#8221;]<\/p>\n<div class=\"work-time-text\">\n<h3 style=\"text-align: center;\">Domingos<\/h3>\n<div class=\"hours\" style=\"text-align: center;\"><i>Cerrado<\/i><\/div>\n<\/div>\n<div style=\"text-align: left;\"><\/div>\n<div style=\"text-align: left;\"><\/div>\n<p>[\/vc_column_text][\/vc_column_inner][\/vc_row_inner][vc_row_inner][vc_column_inner][vc_column_text]<\/p>\n<p style=\"text-align: center;\"><em>Consulte los festivos abiertos en nuestras redes sociales<\/em><\/p>\n<p style=\"text-align: center;\"><em>o llame a nuestro tel\u00e9fono 934 692 506 para obtener m\u00e1s informaci\u00f3n<\/em><\/p>\n<p>[\/vc_column_text][\/vc_column_inner][\/vc_row_inner][\/vc_column][\/vc_row][vc_row el_id=&#8221;sec7&#8243;][vc_column width=&#8221;1\/6&#8243;][\/vc_column][vc_column width=&#8221;2\/3&#8243;][lambert_section_title title_text=&#8221;Reserva&#8221; subtitle_text=&#8221;la teva taula&#8221;][\/lambert_section_title][vc_raw_html]W2Jvb2tlZC1jYWxlbmRhciBjYWxlbmRhcj0iNjIiXQ==[\/vc_raw_html][\/vc_column][vc_column width=&#8221;1\/6&#8243;][\/vc_column][\/vc_row][vc_row cth_layout=&#8221;fullwidth_sec&#8221; el_id=&#8221;sec8&#8243;][vc_column][vc_row_inner][vc_column_inner width=&#8221;1\/2&#8243;][vc_gmaps link=&#8221;#E-8_JTNDaWZyYW1lJTIwc3JjJTNEJTIyaHR0cHMlM0ElMkYlMkZ3d3cuZ29vZ2xlLmNvbSUyRm1hcHMlMkZlbWJlZCUzRnBiJTNEJTIxMW0xOCUyMTFtMTIlMjExbTMlMjExZDI5ODkuNTc0NzQ4Mjk0OTk1JTIxMmQyLjI4NzQyOTIxNTgyMDgwNTYlMjEzZDQxLjQ3MDEzNzc3OTI1Njc2JTIxMm0zJTIxMWYwJTIxMmYwJTIxM2YwJTIxM20yJTIxMWkxMDI0JTIxMmk3NjglMjE0ZjEzLjElMjEzbTMlMjExbTIlMjExczB4MTJhNGJhNmYwZGQ5Y2MxNyUyNTNBMHgxOGEwNDZkZjMwMzBlZjMwJTIxMnNGT05EQSUyNTIwTUFSSU5BJTIxNWUwJTIxM20yJTIxMXNlcyUyMTJzZXMlMjE0djE1NzYyMjI3MDU0MTYlMjE1bTIlMjExc2VzJTIxMnNlcyUyMiUyMHdpZHRoJTNEJTIyNjAwJTIyJTIwaGVpZ2h0JTNEJTIyNDUwJTIyJTIwZnJhbWVib3JkZXIlM0QlMjIwJTIyJTIwc3R5bGUlM0QlMjJib3JkZXIlM0EwJTNCJTIyJTIwYWxsb3dmdWxsc2NyZWVuJTNEJTIyJTIyJTNFJTNDJTJGaWZyYW1lJTNF&#8221; css_animation=&#8221;none&#8221;][\/vc_column_inner][vc_column_inner width=&#8221;1\/2&#8243;][lambert_section_title title_text=&#8221;Vine a la Fonda Marina&#8221; subtitle_text=&#8221;&#8221; show_decor=&#8221;no&#8221;]El restaurante Fonda Marina est\u00e1 dentro del Marina Club, un espacio justo al lado de la orilla del mar en Montgat, una poblaci\u00f3n muy cercana a Barcelona donde encontrar la tranquilidad fuera de la ciudad.<\/p>\n<p>Montgat se encuentra entre la costa del Maresme y la monta\u00f1a de la Cordillera de Marina y dispone de m\u00e1s de 2 kil\u00f3metro de playas. Su gran comunicaci\u00f3n de trenes y carreteras que le permitir\u00e1n poder venir a la Fonda sin necesidad de coger el coche. [\/lambert_section_title][\/vc_column_inner][\/vc_row_inner][\/vc_column][\/vc_row][vc_row cth_layout=&#8221;triangle_sec&#8221; css=&#8221;.vc_custom_1577617240109{background-image: url(http:\/\/www.fondamarina.com\/wp-content\/uploads\/2019\/12\/benvinguda_fonda_marina3.jpg?id=1551) !important;background-position: center !important;background-repeat: no-repeat !important;background-size: cover !important;}&#8221;][vc_column][lambert_section_title title_text=&#8221;En vols saber m\u00e9s?&#8221; subtitle_text=&#8221;estem a la teva disposic\u00f3&#8221; show_decor=&#8221;no&#8221;][\/lambert_section_title][vc_raw_html]W2NvbnRhY3QtZm9ybS03IGlkPSI4NTMiIHRpdGxlPSJMYW1iZXJ0IENvbnRhY3QgRm9ybSIgaHRtbF9jbGFzcz0iZm9ybSBjb250YWN0LWZvcm0iXQ==[\/vc_raw_html][\/vc_column][\/vc_row]<\/p>\n","protected":false},"excerpt":{"rendered":"<p>[vc_row cth_layout=&#8221;hero_sec&#8221;][vc_column css=&#8221;.vc_custom_1435153023515{padding-right: 0px !important;padding-left: 0px !important;}&#8221;][cth_video_parallax video=&#8221;http:\/\/www.fondamarina.com\/wp-content\/uploads\/2020\/06\/Video-Fonda-Marina-1.m4v&#8221; bgimg=&#8221;1570&#8243;][cthace]JTNDZGl2JTIwY2xhc3MlM0QlMjJoZXJvLXRpdGxlLWhvbGRlciUyMiUzRSUwQSUyMCUyMCUyMCUyMCUzQ2RpdiUyMGNsYXNzJTNEJTIyb3ZlcmxheSUyMiUzRSUzQyUyRmRpdiUzRSUwQSUyMCUyMCUyMCUyMCUzQ2RpdiUyMGNsYXNzJTNEJTIyaGVyby10aXRsZSUyMiUzRSUwQSUyMCUyMCUyMCUyMCUyMCUyMCUyMCUyMCUzQ2RpdiUyMGNsYXNzJTNEJTIyaGVyby1kZWNvciUyMGItZGVjJTIyJTNFJTBBJTIwJTIwJTIwJTIwJTIwJTIwJTIwJTIwJTIwJTIwJTIwJTIwJTNDZGl2JTIwY2xhc3MlM0QlMjJoYWxmLWNpcmNsZSUyMiUzRSUzQyUyRmRpdiUzRSUwQSUyMCUyMCUyMCUyMCUyMCUyMCUyMCUyMCUzQyUyRmRpdiUzRSUwQSUyMCUyMCUyMCUyMCUyMCUyMCUyMCUyMCUzQ2RpdiUyMGNsYXNzJTNEJTIyc2VwYXJhdG9yJTIwY29sb3Itc2VwYXJhdG9yJTIyJTNFJTNDJTJGZGl2JTNFJTBBJTIwJTIwJTIwJTIwJTIwJTIwJTIwJTIwJTNDaDElMjBzdHlsZSUzRCUyMmNvbG9yJTNBJTIzZmZmJTNCJTIwZm9udCUzQXJvYm90byUzQiUyMGZvbnQtc2l6ZSUzQTE0cHglM0IlMjIlM0VSZXN0YXVyYW50JTIwYSUyME1vbnRnYXQlM0MlMkZoMSUzRSUwQSUyMCUyMCUyMCUyMCUyMCUyMCUyMCUyMCUzQ2gzJTNFQmVudmluZ3V0cyUyMGElMjBsYSUzQyUyRmJyJTNFJTIwRm9uZGElMjBNYXJpbmElM0MlMkZoMyUzRSUwQSUyMCUyMCUyMCUyMCUyMCUyMCUyMCUyMCUzQ2g0JTNFU2Fib3IlMjBhJTIwTWFyZXNtZSUzQyUyRmg0JTNFJTBBJTIwJTIwJTIwJTIwJTNDJTJGZGl2JTNFJTBBJTNDJTJGZGl2JTNFJTBBJTNDZGl2JTIwY2xhc3MlM0QlMjJoZXJvLWxpbmslMjIlM0UlMEElMjAlMjAlMjAlMjAlM0NhJTIwY2xhc3MlM0QlMjJjdXN0b20tc2Nyb2xsLWxpbmslMjIlMjBocmVmJTNEJTIyJTIzc2VjMSUyMiUzRSUzQ2klMjBjbGFzcyUzRCUyMmZhJTIwZmEtYW5nbGUtZG91YmxlLWRvd24lMjIlM0UlM0MlMkZpJTNFJTNDJTJGYSUzRSUwQSUzQyUyRmRpdiUzRQ==[\/cthace][\/vc_column][\/vc_row][vc_row cth_layout=&#8221;row_sec&#8221; el_id=&#8221;sec1&#8243; el_class=&#8221;about-section&#8221; css=&#8221;.vc_custom_1576142716943{margin-top: 10px !important;}&#8221;][vc_column offset=&#8221;vc_col-md-6&#8243;][lambert_section_title title_text=&#8221;Us donem la&#8221; subtitle_text=&#8221;benvinguda&#8221;][\/lambert_section_title][vc_column_text]Situada desde hace m\u00e1s de 100 a\u00f1os frente a la playa de Montgat, el restaurante Fonda Marina dispone de un ambiente inigualable. Sus m\u00faltiples espacios, salones privados y terrazas exteriores (chillouts) cumplen los m\u00e1s altos niveles&#8230;<\/p>\n","protected":false},"author":1,"featured_media":11758,"parent":0,"menu_order":0,"comment_status":"open","ping_status":"open","template":"homepage.php","meta":{"footnotes":""},"class_list":["post-11760","page","type-page","status-publish","has-post-thumbnail","hentry"],"yoast_head":"<!-- This site is optimized with the Yoast SEO plugin v26.7 - https:\/\/yoast.com\/wordpress\/plugins\/seo\/ -->\n<title>Fonda Marina Montgat - Restaurante a Montgat<\/title>\n<meta name=\"description\" content=\"Restaurante en Montgat. Bienvenidos a la Fonda Marina. Situada frente a la playa de Montgat, dispone de un ambiente inigualable. Reserva aqu\u00ed\" \/>\n<meta name=\"robots\" content=\"index, follow, max-snippet:-1, max-image-preview:large, max-video-preview:-1\" \/>\n<link rel=\"canonical\" href=\"http:\/\/www.fondamarina.com\/es\/\" \/>\n<meta property=\"og:locale\" content=\"es_ES\" \/>\n<meta property=\"og:type\" content=\"article\" \/>\n<meta property=\"og:title\" content=\"Fonda Marina Montgat - Restaurante a Montgat\" \/>\n<meta property=\"og:description\" content=\"Restaurante en Montgat. Bienvenidos a la Fonda Marina. Situada frente a la playa de Montgat, dispone de un ambiente inigualable. Reserva aqu\u00ed\" \/>\n<meta property=\"og:url\" content=\"http:\/\/www.fondamarina.com\/es\/\" \/>\n<meta property=\"og:site_name\" content=\"Fonda Marina\" \/>\n<meta property=\"article:modified_time\" content=\"2026-01-08T16:12:18+00:00\" \/>\n<meta property=\"og:image\" content=\"http:\/\/www.fondamarina.com\/wp-content\/uploads\/2019\/12\/benvinguda_fonda_marina.jpg\" \/>\n\t<meta property=\"og:image:width\" content=\"1240\" \/>\n\t<meta property=\"og:image:height\" content=\"775\" \/>\n\t<meta property=\"og:image:type\" content=\"image\/jpeg\" \/>\n<meta name=\"twitter:card\" content=\"summary_large_image\" \/>\n<meta name=\"twitter:label1\" content=\"Tiempo de lectura\" \/>\n\t<meta name=\"twitter:data1\" content=\"6 minutos\" \/>\n<script type=\"application\/ld+json\" class=\"yoast-schema-graph\">{\"@context\":\"https:\/\/schema.org\",\"@graph\":[{\"@type\":\"WebPage\",\"@id\":\"http:\/\/www.fondamarina.com\/es\/\",\"url\":\"http:\/\/www.fondamarina.com\/es\/\",\"name\":\"Fonda Marina Montgat - Restaurante a Montgat\",\"isPartOf\":{\"@id\":\"https:\/\/www.fondamarina.com\/es\/#website\"},\"primaryImageOfPage\":{\"@id\":\"http:\/\/www.fondamarina.com\/es\/#primaryimage\"},\"image\":{\"@id\":\"http:\/\/www.fondamarina.com\/es\/#primaryimage\"},\"thumbnailUrl\":\"http:\/\/www.fondamarina.com\/wp-content\/uploads\/2019\/12\/benvinguda_fonda_marina.jpg\",\"datePublished\":\"2015-05-09T23:28:54+00:00\",\"dateModified\":\"2026-01-08T16:12:18+00:00\",\"description\":\"Restaurante en Montgat. Bienvenidos a la Fonda Marina. Situada frente a la playa de Montgat, dispone de un ambiente inigualable. Reserva aqu\u00ed\",\"breadcrumb\":{\"@id\":\"http:\/\/www.fondamarina.com\/es\/#breadcrumb\"},\"inLanguage\":\"es\",\"potentialAction\":[{\"@type\":\"ReadAction\",\"target\":[\"http:\/\/www.fondamarina.com\/es\/\"]}]},{\"@type\":\"ImageObject\",\"inLanguage\":\"es\",\"@id\":\"http:\/\/www.fondamarina.com\/es\/#primaryimage\",\"url\":\"http:\/\/www.fondamarina.com\/wp-content\/uploads\/2019\/12\/benvinguda_fonda_marina.jpg\",\"contentUrl\":\"http:\/\/www.fondamarina.com\/wp-content\/uploads\/2019\/12\/benvinguda_fonda_marina.jpg\",\"width\":1240,\"height\":775,\"caption\":\"Restaurante a Montgat\"},{\"@type\":\"BreadcrumbList\",\"@id\":\"http:\/\/www.fondamarina.com\/es\/#breadcrumb\",\"itemListElement\":[{\"@type\":\"ListItem\",\"position\":1,\"name\":\"Inici\",\"item\":\"http:\/\/www.fondamarina.com\/es\/\"},{\"@type\":\"ListItem\",\"position\":2,\"name\":\"Fonda Marina Montgat\"}]},{\"@type\":\"WebSite\",\"@id\":\"https:\/\/www.fondamarina.com\/es\/#website\",\"url\":\"https:\/\/www.fondamarina.com\/es\/\",\"name\":\"Fonda Marina\",\"description\":\"Restaurant amb sabor a Maresme\",\"potentialAction\":[{\"@type\":\"SearchAction\",\"target\":{\"@type\":\"EntryPoint\",\"urlTemplate\":\"https:\/\/www.fondamarina.com\/es\/?s={search_term_string}\"},\"query-input\":{\"@type\":\"PropertyValueSpecification\",\"valueRequired\":true,\"valueName\":\"search_term_string\"}}],\"inLanguage\":\"es\"}]}<\/script>\n<!-- \/ Yoast SEO plugin. -->","yoast_head_json":{"title":"Fonda Marina Montgat - Restaurante a Montgat","description":"Restaurante en Montgat. Bienvenidos a la Fonda Marina. Situada frente a la playa de Montgat, dispone de un ambiente inigualable. Reserva aqu\u00ed","robots":{"index":"index","follow":"follow","max-snippet":"max-snippet:-1","max-image-preview":"max-image-preview:large","max-video-preview":"max-video-preview:-1"},"canonical":"http:\/\/www.fondamarina.com\/es\/","og_locale":"es_ES","og_type":"article","og_title":"Fonda Marina Montgat - Restaurante a Montgat","og_description":"Restaurante en Montgat. Bienvenidos a la Fonda Marina. Situada frente a la playa de Montgat, dispone de un ambiente inigualable. Reserva aqu\u00ed","og_url":"http:\/\/www.fondamarina.com\/es\/","og_site_name":"Fonda Marina","article_modified_time":"2026-01-08T16:12:18+00:00","og_image":[{"width":1240,"height":775,"url":"http:\/\/www.fondamarina.com\/wp-content\/uploads\/2019\/12\/benvinguda_fonda_marina.jpg","type":"image\/jpeg"}],"twitter_card":"summary_large_image","twitter_misc":{"Tiempo de lectura":"6 minutos"},"schema":{"@context":"https:\/\/schema.org","@graph":[{"@type":"WebPage","@id":"http:\/\/www.fondamarina.com\/es\/","url":"http:\/\/www.fondamarina.com\/es\/","name":"Fonda Marina Montgat - Restaurante a Montgat","isPartOf":{"@id":"https:\/\/www.fondamarina.com\/es\/#website"},"primaryImageOfPage":{"@id":"http:\/\/www.fondamarina.com\/es\/#primaryimage"},"image":{"@id":"http:\/\/www.fondamarina.com\/es\/#primaryimage"},"thumbnailUrl":"http:\/\/www.fondamarina.com\/wp-content\/uploads\/2019\/12\/benvinguda_fonda_marina.jpg","datePublished":"2015-05-09T23:28:54+00:00","dateModified":"2026-01-08T16:12:18+00:00","description":"Restaurante en Montgat. Bienvenidos a la Fonda Marina. Situada frente a la playa de Montgat, dispone de un ambiente inigualable. Reserva aqu\u00ed","breadcrumb":{"@id":"http:\/\/www.fondamarina.com\/es\/#breadcrumb"},"inLanguage":"es","potentialAction":[{"@type":"ReadAction","target":["http:\/\/www.fondamarina.com\/es\/"]}]},{"@type":"ImageObject","inLanguage":"es","@id":"http:\/\/www.fondamarina.com\/es\/#primaryimage","url":"http:\/\/www.fondamarina.com\/wp-content\/uploads\/2019\/12\/benvinguda_fonda_marina.jpg","contentUrl":"http:\/\/www.fondamarina.com\/wp-content\/uploads\/2019\/12\/benvinguda_fonda_marina.jpg","width":1240,"height":775,"caption":"Restaurante a Montgat"},{"@type":"BreadcrumbList","@id":"http:\/\/www.fondamarina.com\/es\/#breadcrumb","itemListElement":[{"@type":"ListItem","position":1,"name":"Inici","item":"http:\/\/www.fondamarina.com\/es\/"},{"@type":"ListItem","position":2,"name":"Fonda Marina Montgat"}]},{"@type":"WebSite","@id":"https:\/\/www.fondamarina.com\/es\/#website","url":"https:\/\/www.fondamarina.com\/es\/","name":"Fonda Marina","description":"Restaurant amb sabor a Maresme","potentialAction":[{"@type":"SearchAction","target":{"@type":"EntryPoint","urlTemplate":"https:\/\/www.fondamarina.com\/es\/?s={search_term_string}"},"query-input":{"@type":"PropertyValueSpecification","valueRequired":true,"valueName":"search_term_string"}}],"inLanguage":"es"}]}},"_links":{"self":[{"href":"http:\/\/www.fondamarina.com\/es\/wp-json\/wp\/v2\/pages\/11760","targetHints":{"allow":["GET"]}}],"collection":[{"href":"http:\/\/www.fondamarina.com\/es\/wp-json\/wp\/v2\/pages"}],"about":[{"href":"http:\/\/www.fondamarina.com\/es\/wp-json\/wp\/v2\/types\/page"}],"author":[{"embeddable":true,"href":"http:\/\/www.fondamarina.com\/es\/wp-json\/wp\/v2\/users\/1"}],"replies":[{"embeddable":true,"href":"http:\/\/www.fondamarina.com\/es\/wp-json\/wp\/v2\/comments?post=11760"}],"version-history":[{"count":3,"href":"http:\/\/www.fondamarina.com\/es\/wp-json\/wp\/v2\/pages\/11760\/revisions"}],"predecessor-version":[{"id":11777,"href":"http:\/\/www.fondamarina.com\/es\/wp-json\/wp\/v2\/pages\/11760\/revisions\/11777"}],"wp:featuredmedia":[{"embeddable":true,"href":"http:\/\/www.fondamarina.com\/es\/wp-json\/wp\/v2\/media\/11758"}],"wp:attachment":[{"href":"http:\/\/www.fondamarina.com\/es\/wp-json\/wp\/v2\/media?parent=11760"}],"curies":[{"name":"wp","href":"https:\/\/api.w.org\/{rel}","templated":true}]}}